{"id":35,"date":"2025-03-07T16:02:24","date_gmt":"2025-03-07T16:02:24","guid":{"rendered":"https:\/\/2lgbtqi.ubi.pt\/?page_id=35"},"modified":"2025-05-12T13:33:53","modified_gmt":"2025-05-12T13:33:53","slug":"submissoes-e-publicacoes","status":"publish","type":"page","link":"https:\/\/2lgbtqi.ubi.pt\/?page_id=35","title":{"rendered":"SUBMISS\u00d5ES e PUBLICA\u00c7\u00d5ES"},"content":{"rendered":"\t\t<div data-elementor-type=\"wp-page\" data-elementor-id=\"35\" class=\"elementor elementor-35\">\n\t\t\t\t<div class=\"elementor-element elementor-element-9da9a58 e-flex e-con-boxed e-con e-parent\" data-id=\"9da9a58\" data-element_type=\"container\">\n\t\t\t\t\t<div class=\"e-con-inner\">\n\t\t\t\t<div class=\"elementor-element elementor-element-6468bb5 elementor-widget elementor-widget-button\" data-id=\"6468bb5\" data-element_type=\"widget\" data-widget_type=\"button.default\">\n\t\t\t\t<div class=\"elementor-widget-container\">\n\t\t\t\t\t\t\t\t\t<div class=\"elementor-button-wrapper\">\n\t\t\t\t\t<a class=\"elementor-button elementor-button-link elementor-size-sm\" href=\"https:\/\/2lgbtqi.ubi.pt\/wp-content\/uploads\/2025\/05\/Livro-de-Resumos.pdf\" target=\"_blank\">\n\t\t\t\t\t\t<span class=\"elementor-button-content-wrapper\">\n\t\t\t\t\t\t\t\t\t<span class=\"elementor-button-text\">LIVRO de RESUMOS<\/span>\n\t\t\t\t\t<\/span>\n\t\t\t\t\t<\/a>\n\t\t\t\t<\/div>\n\t\t\t\t\t\t\t\t<\/div>\n\t\t\t\t<\/div>\n\t\t\t\t\t<\/div>\n\t\t\t\t<\/div>\n\t\t<div class=\"elementor-element elementor-element-5274047 e-flex e-con-boxed e-con e-parent\" data-id=\"5274047\" data-element_type=\"container\">\n\t\t\t\t\t<div class=\"e-con-inner\">\n\t\t\t\t<div class=\"elementor-element elementor-element-db8869f elementor-widget elementor-widget-spacer\" data-id=\"db8869f\" data-element_type=\"widget\" data-widget_type=\"spacer.default\">\n\t\t\t\t<div class=\"elementor-widget-container\">\n\t\t\t\t\t\t\t<div class=\"elementor-spacer\">\n\t\t\t<div class=\"elementor-spacer-inner\"><\/div>\n\t\t<\/div>\n\t\t\t\t\t\t<\/div>\n\t\t\t\t<\/div>\n\t\t\t\t\t<\/div>\n\t\t\t\t<\/div>\n\t\t<div class=\"elementor-element elementor-element-befe7c8 e-flex e-con-boxed e-con e-parent\" data-id=\"befe7c8\" data-element_type=\"container\">\n\t\t\t\t\t<div class=\"e-con-inner\">\n\t\t\t\t<div class=\"elementor-element elementor-element-d81c206 elementor-widget elementor-widget-heading\" data-id=\"d81c206\" data-element_type=\"widget\" data-widget_type=\"heading.default\">\n\t\t\t\t<div class=\"elementor-widget-container\">\n\t\t\t\t\t<h2 class=\"elementor-heading-title elementor-size-default\">Submiss\u00e3o de Resumos<\/h2>\t\t\t\t<\/div>\n\t\t\t\t<\/div>\n\t\t\t\t\t<\/div>\n\t\t\t\t<\/div>\n\t\t<div class=\"elementor-element elementor-element-e58472a e-flex e-con-boxed e-con e-parent\" data-id=\"e58472a\" data-element_type=\"container\">\n\t\t\t\t\t<div class=\"e-con-inner\">\n\t\t\t\t<div class=\"elementor-element elementor-element-7a337b7 elementor-widget elementor-widget-text-editor\" data-id=\"7a337b7\" data-element_type=\"widget\" data-widget_type=\"text-editor.default\">\n\t\t\t\t<div class=\"elementor-widget-container\">\n\t\t\t\t\t\t\t\t\t<h5><strong>Para o livro de resumos: At\u00e9 <span style=\"color: #ff0000;\">dia 30 de abril de 2025<\/span><\/strong><\/h5><h5>Poder\u00e1 submeter o seu resumo (m\u00e1ximo de 2 resumos por primeiro\/a autor\/a), indicando o formato preferencial de apresenta\u00e7\u00e3o (comunica\u00e7\u00e3o oral ou poster), de acordo com a seguinte estrutura:<\/h5><ul><li><h5>T\u00edtulo do trabalho<\/h5><\/li><li><h5>Autor\/es\/as<\/h5><\/li><li><h5>Filia\u00e7\u00e3o institucional<\/h5><\/li><li><h5>Email<\/h5><\/li><li><h5>Resumo (at\u00e9 300 palavras) \u2013 modelo preferencial: introdu\u00e7\u00e3o\/m\u00e9todo\/resultados\/discuss\u00e3o ou conclus\u00e3o.<\/h5><\/li><\/ul><h5>\u00a0<\/h5><h5>Os resumos podem ser submetidos em portugu\u00eas, espanhol ou ingl\u00eas.<\/h5><h5>\u00a0<\/h5><h5>O livro de resumos ser\u00e1 publicado no site no semin\u00e1rio antes do in\u00edcio do evento.<\/h5><h5>\u00a0<\/h5>\t\t\t\t\t\t\t\t<\/div>\n\t\t\t\t<\/div>\n\t\t\t\t\t<\/div>\n\t\t\t\t<\/div>\n\t\t<div class=\"elementor-element elementor-element-c088269 e-flex e-con-boxed e-con e-parent\" data-id=\"c088269\" data-element_type=\"container\">\n\t\t\t\t\t<div class=\"e-con-inner\">\n\t\t\t\t<div class=\"elementor-element elementor-element-c970215 elementor-widget__width-initial elementor-widget elementor-widget-text-editor\" data-id=\"c970215\" data-element_type=\"widget\" data-widget_type=\"text-editor.default\">\n\t\t\t\t<div class=\"elementor-widget-container\">\n\t\t\t\t\t\t\t\t\t<h5>\u00a0 \u00a0 \u00a0 \u00a0Para enviar o seu resumo<br \/><strong><br \/><a href=\"https:\/\/forms.office.com\/e\/D3nRnkgzwn\" target=\"_blank\" rel=\"noopener\"><img decoding=\"async\" class=\"wp-image-166 alignleft\" src=\"https:\/\/2lgbtqi.ubi.pt\/wp-content\/uploads\/2025\/03\/botao-clique-aqui--300x86.png\" alt=\"\" width=\"187\" height=\"54\" srcset=\"https:\/\/2lgbtqi.ubi.pt\/wp-content\/uploads\/2025\/03\/botao-clique-aqui--300x86.png 300w, https:\/\/2lgbtqi.ubi.pt\/wp-content\/uploads\/2025\/03\/botao-clique-aqui--380x112.png 380w, https:\/\/2lgbtqi.ubi.pt\/wp-content\/uploads\/2025\/03\/botao-clique-aqui-.png 392w\" sizes=\"(max-width: 187px) 100vw, 187px\" \/><\/a><br \/><\/strong><\/h5><h5>\u00a0<\/h5><h5>\u00a0 \u00a0 \u00a0ou fa\u00e7a scan do QRCode:<br \/><strong><br \/><img decoding=\"async\" class=\"alignnone wp-image-143\" src=\"https:\/\/2lgbtqi.ubi.pt\/wp-content\/uploads\/2025\/03\/Imagem1-300x300.png\" alt=\"\" width=\"179\" height=\"179\" srcset=\"https:\/\/2lgbtqi.ubi.pt\/wp-content\/uploads\/2025\/03\/Imagem1-300x300.png 300w, https:\/\/2lgbtqi.ubi.pt\/wp-content\/uploads\/2025\/03\/Imagem1-150x150.png 150w, https:\/\/2lgbtqi.ubi.pt\/wp-content\/uploads\/2025\/03\/Imagem1.png 365w\" sizes=\"(max-width: 179px) 100vw, 179px\" \/><br \/><\/strong><\/h5>\t\t\t\t\t\t\t\t<\/div>\n\t\t\t\t<\/div>\n\t\t\t\t\t<\/div>\n\t\t\t\t<\/div>\n\t\t\t\t<\/div>\n\t\t","protected":false},"excerpt":{"rendered":"<p>LIVRO de RESUMOS Submiss\u00e3o de Resumos Para o livro de resumos: At\u00e9 dia 30 de abril de 2025 Poder\u00e1 submeter o seu resumo (m\u00e1ximo de 2 resumos por primeiro\/a autor\/a), indicando o formato preferencial de apresenta\u00e7\u00e3o (comunica\u00e7\u00e3o oral ou poster), de acordo com a seguinte estrutura: T\u00edtulo do trabalho Autor\/es\/as Filia\u00e7\u00e3o institucional Email Resumo (at\u00e9&#8230;<\/p>\n<p class=\"more-link\"><a href=\"https:\/\/2lgbtqi.ubi.pt\/?page_id=35\"><span>Read More<\/span><i>&#43;<\/i><\/a><\/p>\n","protected":false},"author":1,"featured_media":0,"parent":0,"menu_order":0,"comment_status":"closed","ping_status":"closed","template":"","meta":{"footnotes":""},"class_list":["post-35","page","type-page","status-publish","hentry"],"_links":{"self":[{"href":"https:\/\/2lgbtqi.ubi.pt\/index.php?rest_route=\/wp\/v2\/pages\/35","targetHints":{"allow":["GET"]}}],"collection":[{"href":"https:\/\/2lgbtqi.ubi.pt\/index.php?rest_route=\/wp\/v2\/pages"}],"about":[{"href":"https:\/\/2lgbtqi.ubi.pt\/index.php?rest_route=\/wp\/v2\/types\/page"}],"author":[{"embeddable":true,"href":"https:\/\/2lgbtqi.ubi.pt\/index.php?rest_route=\/wp\/v2\/users\/1"}],"replies":[{"embeddable":true,"href":"https:\/\/2lgbtqi.ubi.pt\/index.php?rest_route=%2Fwp%2Fv2%2Fcomments&post=35"}],"version-history":[{"count":40,"href":"https:\/\/2lgbtqi.ubi.pt\/index.php?rest_route=\/wp\/v2\/pages\/35\/revisions"}],"predecessor-version":[{"id":257,"href":"https:\/\/2lgbtqi.ubi.pt\/index.php?rest_route=\/wp\/v2\/pages\/35\/revisions\/257"}],"wp:attachment":[{"href":"https:\/\/2lgbtqi.ubi.pt\/index.php?rest_route=%2Fwp%2Fv2%2Fmedia&parent=35"}],"curies":[{"name":"wp","href":"https:\/\/api.w.org\/{rel}","templated":true}]}}