{"id":25,"date":"2025-03-07T16:01:24","date_gmt":"2025-03-07T16:01:24","guid":{"rendered":"https:\/\/2lgbtqi.ubi.pt\/?page_id=25"},"modified":"2025-03-10T17:06:02","modified_gmt":"2025-03-10T17:06:02","slug":"comissoes","status":"publish","type":"page","link":"https:\/\/2lgbtqi.ubi.pt\/?page_id=25","title":{"rendered":"COMISS\u00d5ES"},"content":{"rendered":"\t\t<div data-elementor-type=\"wp-page\" data-elementor-id=\"25\" class=\"elementor elementor-25\">\n\t\t\t\t<div class=\"elementor-element elementor-element-13bcd31 e-flex e-con-boxed e-con e-parent\" data-id=\"13bcd31\" data-element_type=\"container\">\n\t\t\t\t\t<div class=\"e-con-inner\">\n\t\t\t\t<div class=\"elementor-element elementor-element-0494921 elementor-widget elementor-widget-heading\" data-id=\"0494921\" data-element_type=\"widget\" data-widget_type=\"heading.default\">\n\t\t\t\t<div class=\"elementor-widget-container\">\n\t\t\t\t\t<h2 class=\"elementor-heading-title elementor-size-default\">Comiss\u00e3o Ci\u00eantifica<\/h2>\t\t\t\t<\/div>\n\t\t\t\t<\/div>\n\t\t\t\t\t<\/div>\n\t\t\t\t<\/div>\n\t\t<div class=\"elementor-element elementor-element-7e4dd4c e-flex e-con-boxed e-con e-parent\" data-id=\"7e4dd4c\" data-element_type=\"container\">\n\t\t\t\t\t<div class=\"e-con-inner\">\n\t\t\t\t<div class=\"elementor-element elementor-element-57f11de elementor-widget elementor-widget-text-editor\" data-id=\"57f11de\" data-element_type=\"widget\" data-widget_type=\"text-editor.default\">\n\t\t\t\t<div class=\"elementor-widget-container\">\n\t\t\t\t\t\t\t\t\t<h5><strong>Henrique Pereira<\/strong> (Universidade da Beira Interior)<\/h5><h5><strong>Catarina Sales <\/strong>(Universidade da Beira Interior)<\/h5><h5><strong>Felipe Alckmin-Carvalho <\/strong>(Universidade da Beira Interior)<\/h5><h5><strong>Pedro Costa <\/strong>(Universidade do Porto)<\/h5><h5><strong>Sandra Saleiro <\/strong>(ISCTE \u2013 Instituto Universit\u00e1rio de Lisboa)<\/h5><h5><strong>Sofia Neves<\/strong> (Universidade da Maia)<\/h5><h5><strong>Ana Cristina Santos <\/strong>(Universidade de Coimbra)<\/h5><h5><strong>Ant\u00f3nio Fernando Cascais <\/strong>(Universidade Nova de Lisboa)<\/h5>\t\t\t\t\t\t\t\t<\/div>\n\t\t\t\t<\/div>\n\t\t\t\t\t<\/div>\n\t\t\t\t<\/div>\n\t\t<div class=\"elementor-element elementor-element-3e4eee8 e-flex e-con-boxed e-con e-parent\" data-id=\"3e4eee8\" data-element_type=\"container\">\n\t\t\t\t\t<div class=\"e-con-inner\">\n\t\t\t\t<div class=\"elementor-element elementor-element-49a6735 elementor-widget elementor-widget-spacer\" data-id=\"49a6735\" data-element_type=\"widget\" data-widget_type=\"spacer.default\">\n\t\t\t\t<div class=\"elementor-widget-container\">\n\t\t\t\t\t\t\t<div class=\"elementor-spacer\">\n\t\t\t<div class=\"elementor-spacer-inner\"><\/div>\n\t\t<\/div>\n\t\t\t\t\t\t<\/div>\n\t\t\t\t<\/div>\n\t\t\t\t\t<\/div>\n\t\t\t\t<\/div>\n\t\t<div class=\"elementor-element elementor-element-e6cc10d e-flex e-con-boxed e-con e-parent\" data-id=\"e6cc10d\" data-element_type=\"container\">\n\t\t\t\t\t<div class=\"e-con-inner\">\n\t\t\t\t<div class=\"elementor-element elementor-element-0910c65 elementor-widget elementor-widget-heading\" data-id=\"0910c65\" data-element_type=\"widget\" data-widget_type=\"heading.default\">\n\t\t\t\t<div class=\"elementor-widget-container\">\n\t\t\t\t\t<h2 class=\"elementor-heading-title elementor-size-default\">Comiss\u00e3o Organizadora<\/h2>\t\t\t\t<\/div>\n\t\t\t\t<\/div>\n\t\t\t\t\t<\/div>\n\t\t\t\t<\/div>\n\t\t<div class=\"elementor-element elementor-element-5ad7452 e-flex e-con-boxed e-con e-parent\" data-id=\"5ad7452\" data-element_type=\"container\">\n\t\t\t\t\t<div class=\"e-con-inner\">\n\t\t\t\t<div class=\"elementor-element elementor-element-8302c84 elementor-widget elementor-widget-text-editor\" data-id=\"8302c84\" data-element_type=\"widget\" data-widget_type=\"text-editor.default\">\n\t\t\t\t<div class=\"elementor-widget-container\">\n\t\t\t\t\t\t\t\t\t<h5><strong>Henrique Pereira<\/strong><\/h5><h5><strong>Felipe Alckmin-Carvalho<\/strong><\/h5><h5><strong>Ant\u00f3nio Oliveira<\/strong><\/h5><h5><strong>Madalena Cruz<\/strong><\/h5><h5><strong>Ana Beatriz<\/strong><\/h5><h5><strong>Marcela Vieira<\/strong><\/h5><h5><strong>Grupo ELO \u2013 Coletivo de Estudantes LGBTQIA+ na UBI<\/strong><\/h5>\t\t\t\t\t\t\t\t<\/div>\n\t\t\t\t<\/div>\n\t\t\t\t\t<\/div>\n\t\t\t\t<\/div>\n\t\t\t\t<\/div>\n\t\t","protected":false},"excerpt":{"rendered":"<p>Comiss\u00e3o Ci\u00eantifica Henrique Pereira (Universidade da Beira Interior) Catarina Sales (Universidade da Beira Interior) Felipe Alckmin-Carvalho (Universidade da Beira Interior) Pedro Costa (Universidade do Porto) Sandra Saleiro (ISCTE \u2013 Instituto Universit\u00e1rio de Lisboa) Sofia Neves (Universidade da Maia) Ana Cristina Santos (Universidade de Coimbra) Ant\u00f3nio Fernando Cascais (Universidade Nova de Lisboa) Comiss\u00e3o Organizadora Henrique Pereira&#8230;<\/p>\n<p class=\"more-link\"><a href=\"https:\/\/2lgbtqi.ubi.pt\/?page_id=25\"><span>Read More<\/span><i>&#43;<\/i><\/a><\/p>\n","protected":false},"author":1,"featured_media":0,"parent":0,"menu_order":0,"comment_status":"closed","ping_status":"closed","template":"","meta":{"footnotes":""},"class_list":["post-25","page","type-page","status-publish","hentry"],"_links":{"self":[{"href":"https:\/\/2lgbtqi.ubi.pt\/index.php?rest_route=\/wp\/v2\/pages\/25","targetHints":{"allow":["GET"]}}],"collection":[{"href":"https:\/\/2lgbtqi.ubi.pt\/index.php?rest_route=\/wp\/v2\/pages"}],"about":[{"href":"https:\/\/2lgbtqi.ubi.pt\/index.php?rest_route=\/wp\/v2\/types\/page"}],"author":[{"embeddable":true,"href":"https:\/\/2lgbtqi.ubi.pt\/index.php?rest_route=\/wp\/v2\/users\/1"}],"replies":[{"embeddable":true,"href":"https:\/\/2lgbtqi.ubi.pt\/index.php?rest_route=%2Fwp%2Fv2%2Fcomments&post=25"}],"version-history":[{"count":10,"href":"https:\/\/2lgbtqi.ubi.pt\/index.php?rest_route=\/wp\/v2\/pages\/25\/revisions"}],"predecessor-version":[{"id":134,"href":"https:\/\/2lgbtqi.ubi.pt\/index.php?rest_route=\/wp\/v2\/pages\/25\/revisions\/134"}],"wp:attachment":[{"href":"https:\/\/2lgbtqi.ubi.pt\/index.php?rest_route=%2Fwp%2Fv2%2Fmedia&parent=25"}],"curies":[{"name":"wp","href":"https:\/\/api.w.org\/{rel}","templated":true}]}}