{"id":16,"date":"2025-03-07T15:50:57","date_gmt":"2025-03-07T15:50:57","guid":{"rendered":"https:\/\/2lgbtqi.ubi.pt\/?page_id=16"},"modified":"2025-03-10T17:00:31","modified_gmt":"2025-03-10T17:00:31","slug":"apresentacao","status":"publish","type":"page","link":"https:\/\/2lgbtqi.ubi.pt\/","title":{"rendered":"APRESENTA\u00c7\u00c3O"},"content":{"rendered":"\t\t<div data-elementor-type=\"wp-page\" data-elementor-id=\"16\" class=\"elementor elementor-16\">\n\t\t\t\t<div class=\"elementor-element elementor-element-854369d e-flex e-con-boxed e-con e-parent\" data-id=\"854369d\" data-element_type=\"container\">\n\t\t\t\t\t<div class=\"e-con-inner\">\n\t\t\t\t<div class=\"elementor-element elementor-element-c0047c8 elementor-widget elementor-widget-image\" data-id=\"c0047c8\" data-element_type=\"widget\" data-widget_type=\"image.default\">\n\t\t\t\t<div class=\"elementor-widget-container\">\n\t\t\t\t\t\t\t\t\t\t\t\t\t\t\t<img fetchpriority=\"high\" decoding=\"async\" width=\"1500\" height=\"636\" src=\"https:\/\/2lgbtqi.ubi.pt\/wp-content\/uploads\/2025\/03\/fotofaixa1.jpg\" class=\"attachment-full size-full wp-image-120\" alt=\"\" srcset=\"https:\/\/2lgbtqi.ubi.pt\/wp-content\/uploads\/2025\/03\/fotofaixa1.jpg 1500w, https:\/\/2lgbtqi.ubi.pt\/wp-content\/uploads\/2025\/03\/fotofaixa1-300x127.jpg 300w, https:\/\/2lgbtqi.ubi.pt\/wp-content\/uploads\/2025\/03\/fotofaixa1-1024x434.jpg 1024w, https:\/\/2lgbtqi.ubi.pt\/wp-content\/uploads\/2025\/03\/fotofaixa1-768x326.jpg 768w\" sizes=\"(max-width: 1500px) 100vw, 1500px\" \/>\t\t\t\t\t\t\t\t\t\t\t\t\t\t\t<\/div>\n\t\t\t\t<\/div>\n\t\t\t\t\t<\/div>\n\t\t\t\t<\/div>\n\t\t<div class=\"elementor-element elementor-element-58e3f90 e-flex e-con-boxed e-con e-parent\" data-id=\"58e3f90\" data-element_type=\"container\">\n\t\t\t\t\t<div class=\"e-con-inner\">\n\t\t\t\t<div class=\"elementor-element elementor-element-9a93065 elementor-widget elementor-widget-button\" data-id=\"9a93065\" data-element_type=\"widget\" data-widget_type=\"button.default\">\n\t\t\t\t<div class=\"elementor-widget-container\">\n\t\t\t\t\t\t\t\t\t<div class=\"elementor-button-wrapper\">\n\t\t\t\t\t<a class=\"elementor-button elementor-button-link elementor-size-sm\" href=\"https:\/\/lgbtqi.ubi.pt\/\" target=\"_blank\">\n\t\t\t\t\t\t<span class=\"elementor-button-content-wrapper\">\n\t\t\t\t\t\t\t\t\t<span class=\"elementor-button-text\">1\u00aa LGBTQI+<\/span>\n\t\t\t\t\t<\/span>\n\t\t\t\t\t<\/a>\n\t\t\t\t<\/div>\n\t\t\t\t\t\t\t\t<\/div>\n\t\t\t\t<\/div>\n\t\t\t\t\t<\/div>\n\t\t\t\t<\/div>\n\t\t<div class=\"elementor-element elementor-element-45c682f e-flex e-con-boxed e-con e-parent\" data-id=\"45c682f\" data-element_type=\"container\">\n\t\t\t\t\t<div class=\"e-con-inner\">\n\t\t\t\t<div class=\"elementor-element elementor-element-03caefc elementor-widget elementor-widget-heading\" data-id=\"03caefc\" data-element_type=\"widget\" data-widget_type=\"heading.default\">\n\t\t\t\t<div class=\"elementor-widget-container\">\n\t\t\t\t\t<h2 class=\"elementor-heading-title elementor-size-default\">Apresenta\u00e7\u00e3o<\/h2>\t\t\t\t<\/div>\n\t\t\t\t<\/div>\n\t\t\t\t\t<\/div>\n\t\t\t\t<\/div>\n\t\t<div class=\"elementor-element elementor-element-5ccf11f e-flex e-con-boxed e-con e-parent\" data-id=\"5ccf11f\" data-element_type=\"container\">\n\t\t\t\t\t<div class=\"e-con-inner\">\n\t\t\t\t<div class=\"elementor-element elementor-element-d685bc9 elementor-widget elementor-widget-text-editor\" data-id=\"d685bc9\" data-element_type=\"widget\" data-widget_type=\"text-editor.default\">\n\t\t\t\t<div class=\"elementor-widget-container\">\n\t\t\t\t\t\t\t\t\t<h5><strong>O 2\u00ba Semin\u00e1rio Internacional \u2013 Interdisciplinar a Visibilidade LGBTQIA+ ter\u00e1 lugar na Universidade da Beira Interior (UBI, Covilh\u00e3 \u2013 Portugal) no momento da celebra\u00e7\u00e3o do dia mundial de luta contra a homofobia, bifobia e transfobia.<\/strong><\/h5><h5><strong>Tem como principal objetivo criar um f\u00f3rum de partilha de contributos cient\u00edficos e sociais em diferentes disciplinas aplicadas ao estudo das pessoas l\u00e9sbicas, gays, bissexuais, trans, queer, etc., criando no seio da UBI, juntamente com a Comiss\u00e3o para a Igualdade da UBI, uma oportunidade para discutir temas atuais, promovendo a diminui\u00e7\u00e3o da dist\u00e2ncia entre a investiga\u00e7\u00e3o cient\u00edfica na \u00e1rea LGBTQIA+ e as comunidades ubiana, local, regional, nacional e internacional. <\/strong><strong>\u00a0<\/strong><\/h5><h5><strong>Estar\u00e3o representadas v\u00e1rias disciplinas (Psicologia, Sociologia e Pol\u00edtica, Ci\u00eancias da Sa\u00fade, Artes e Letras, Cinema, Comunica\u00e7\u00e3o Social, etc.), todas contribuindo para a constru\u00e7\u00e3o de um conhecimento partilhado.<\/strong><\/h5><h5><strong>\u00a0<\/strong><strong>Bem-vindos e bem-vindas ao 2\u00ba Semin\u00e1rio Internacional \u2013 Interdisciplinar a Visibilidade LGBTQIA+ na UBI!<\/strong><\/h5>\t\t\t\t\t\t\t\t<\/div>\n\t\t\t\t<\/div>\n\t\t\t\t\t<\/div>\n\t\t\t\t<\/div>\n\t\t<div class=\"elementor-element elementor-element-5f02c8d e-flex e-con-boxed e-con e-parent\" data-id=\"5f02c8d\" data-element_type=\"container\">\n\t\t\t\t\t<div class=\"e-con-inner\">\n\t\t\t\t<div class=\"elementor-element elementor-element-0e6d2b7 elementor-widget elementor-widget-image\" data-id=\"0e6d2b7\" data-element_type=\"widget\" data-widget_type=\"image.default\">\n\t\t\t\t<div class=\"elementor-widget-container\">\n\t\t\t\t\t\t\t\t\t\t\t\t\t\t\t<img decoding=\"async\" width=\"150\" height=\"150\" src=\"https:\/\/2lgbtqi.ubi.pt\/wp-content\/uploads\/2025\/03\/1002-150x150.jpg\" class=\"attachment-thumbnail size-thumbnail wp-image-124\" alt=\"\" srcset=\"https:\/\/2lgbtqi.ubi.pt\/wp-content\/uploads\/2025\/03\/1002-150x150.jpg 150w, https:\/\/2lgbtqi.ubi.pt\/wp-content\/uploads\/2025\/03\/1002.jpg 200w\" sizes=\"(max-width: 150px) 100vw, 150px\" \/>\t\t\t\t\t\t\t\t\t\t\t\t\t\t\t<\/div>\n\t\t\t\t<\/div>\n\t\t\t\t\t<\/div>\n\t\t\t\t<\/div>\n\t\t<div class=\"elementor-element elementor-element-dcd8546 e-flex e-con-boxed e-con e-parent\" data-id=\"dcd8546\" data-element_type=\"container\">\n\t\t\t\t\t<div class=\"e-con-inner\">\n\t\t\t\t<div class=\"elementor-element elementor-element-7b55450 elementor-widget elementor-widget-text-editor\" data-id=\"7b55450\" data-element_type=\"widget\" data-widget_type=\"text-editor.default\">\n\t\t\t\t<div class=\"elementor-widget-container\">\n\t\t\t\t\t\t\t\t\t<h5><strong><em>Henrique Pereira<\/em><\/strong><\/h5>\t\t\t\t\t\t\t\t<\/div>\n\t\t\t\t<\/div>\n\t\t\t\t\t<\/div>\n\t\t\t\t<\/div>\n\t\t<div class=\"elementor-element elementor-element-878420d e-flex e-con-boxed e-con e-parent\" data-id=\"878420d\" data-element_type=\"container\">\n\t\t\t\t\t<div class=\"e-con-inner\">\n\t\t\t\t<div class=\"elementor-element elementor-element-c42ba53 elementor-widget elementor-widget-image\" data-id=\"c42ba53\" data-element_type=\"widget\" data-widget_type=\"image.default\">\n\t\t\t\t<div class=\"elementor-widget-container\">\n\t\t\t\t\t\t\t\t\t\t\t\t\t\t\t<img decoding=\"async\" width=\"300\" height=\"300\" src=\"https:\/\/2lgbtqi.ubi.pt\/wp-content\/uploads\/2025\/03\/ci-300x300.jpg\" class=\"attachment-medium size-medium wp-image-125\" alt=\"\" srcset=\"https:\/\/2lgbtqi.ubi.pt\/wp-content\/uploads\/2025\/03\/ci-300x300.jpg 300w, https:\/\/2lgbtqi.ubi.pt\/wp-content\/uploads\/2025\/03\/ci-150x150.jpg 150w, https:\/\/2lgbtqi.ubi.pt\/wp-content\/uploads\/2025\/03\/ci.jpg 750w\" sizes=\"(max-width: 300px) 100vw, 300px\" \/>\t\t\t\t\t\t\t\t\t\t\t\t\t\t\t<\/div>\n\t\t\t\t<\/div>\n\t\t\t\t\t<\/div>\n\t\t\t\t<\/div>\n\t\t<div class=\"elementor-element elementor-element-7da50de e-flex e-con-boxed e-con e-parent\" data-id=\"7da50de\" data-element_type=\"container\">\n\t\t\t\t\t<div class=\"e-con-inner\">\n\t\t\t\t\t<\/div>\n\t\t\t\t<\/div>\n\t\t<div class=\"elementor-element elementor-element-67c248b e-flex e-con-boxed e-con e-parent\" data-id=\"67c248b\" data-element_type=\"container\">\n\t\t\t\t\t<div class=\"e-con-inner\">\n\t\t\t\t<div class=\"elementor-element elementor-element-b3eb427 elementor-widget elementor-widget-spacer\" data-id=\"b3eb427\" data-element_type=\"widget\" data-widget_type=\"spacer.default\">\n\t\t\t\t<div class=\"elementor-widget-container\">\n\t\t\t\t\t\t\t<div class=\"elementor-spacer\">\n\t\t\t<div class=\"elementor-spacer-inner\"><\/div>\n\t\t<\/div>\n\t\t\t\t\t\t<\/div>\n\t\t\t\t<\/div>\n\t\t\t\t\t<\/div>\n\t\t\t\t<\/div>\n\t\t\t\t<\/div>\n\t\t","protected":false},"excerpt":{"rendered":"<p>1\u00aa LGBTQI+ Apresenta\u00e7\u00e3o O 2\u00ba Semin\u00e1rio Internacional \u2013 Interdisciplinar a Visibilidade LGBTQIA+ ter\u00e1 lugar na Universidade da Beira Interior (UBI, Covilh\u00e3 \u2013 Portugal) no momento da celebra\u00e7\u00e3o do dia mundial de luta contra a homofobia, bifobia e transfobia. Tem como principal objetivo criar um f\u00f3rum de partilha de contributos cient\u00edficos e sociais em diferentes disciplinas&#8230;<\/p>\n<p class=\"more-link\"><a href=\"https:\/\/2lgbtqi.ubi.pt\/\"><span>Read More<\/span><i>&#43;<\/i><\/a><\/p>\n","protected":false},"author":1,"featured_media":0,"parent":0,"menu_order":0,"comment_status":"closed","ping_status":"closed","template":"","meta":{"footnotes":""},"class_list":["post-16","page","type-page","status-publish","hentry"],"_links":{"self":[{"href":"https:\/\/2lgbtqi.ubi.pt\/index.php?rest_route=\/wp\/v2\/pages\/16","targetHints":{"allow":["GET"]}}],"collection":[{"href":"https:\/\/2lgbtqi.ubi.pt\/index.php?rest_route=\/wp\/v2\/pages"}],"about":[{"href":"https:\/\/2lgbtqi.ubi.pt\/index.php?rest_route=\/wp\/v2\/types\/page"}],"author":[{"embeddable":true,"href":"https:\/\/2lgbtqi.ubi.pt\/index.php?rest_route=\/wp\/v2\/users\/1"}],"replies":[{"embeddable":true,"href":"https:\/\/2lgbtqi.ubi.pt\/index.php?rest_route=%2Fwp%2Fv2%2Fcomments&post=16"}],"version-history":[{"count":49,"href":"https:\/\/2lgbtqi.ubi.pt\/index.php?rest_route=\/wp\/v2\/pages\/16\/revisions"}],"predecessor-version":[{"id":131,"href":"https:\/\/2lgbtqi.ubi.pt\/index.php?rest_route=\/wp\/v2\/pages\/16\/revisions\/131"}],"wp:attachment":[{"href":"https:\/\/2lgbtqi.ubi.pt\/index.php?rest_route=%2Fwp%2Fv2%2Fmedia&parent=16"}],"curies":[{"name":"wp","href":"https:\/\/api.w.org\/{rel}","templated":true}]}}